{"id":4985,"date":"2023-11-01T07:43:40","date_gmt":"2023-11-01T07:43:40","guid":{"rendered":"https:\/\/estrechofishingcharters.com\/contact-us\/"},"modified":"2025-06-01T19:38:39","modified_gmt":"2025-06-01T19:38:39","slug":"contact-us","status":"publish","type":"page","link":"https:\/\/estrechofishingcharters.com\/en\/contact-us\/","title":{"rendered":"Contact Us"},"content":{"rendered":"\t\t<div data-elementor-type=\"wp-page\" data-elementor-id=\"4985\" class=\"elementor elementor-4985 elementor-81\">\n\t\t\t\t<div class=\"elementor-element elementor-element-aa25700 e-flex e-con-boxed e-con e-parent\" data-id=\"aa25700\" data-element_type=\"container\" data-e-type=\"container\">\n\t\t\t\t\t<div class=\"e-con-inner\">\n\t\t<div class=\"elementor-element elementor-element-2ccee24 e-con-full e-flex e-con e-child\" data-id=\"2ccee24\" data-element_type=\"container\" data-e-type=\"container\" data-settings=\"{&quot;background_background&quot;:&quot;classic&quot;}\">\n\t\t\t\t<div class=\"elementor-element elementor-element-f49fb35 marino-section-title left elementor-widget elementor-widget-marinosectiontitle\" data-id=\"f49fb35\" data-element_type=\"widget\" data-e-type=\"widget\" data-widget_type=\"marinosectiontitle.default\">\n\t\t\t\t<div class=\"elementor-widget-container\">\n\t\t\t\t\t<!-- Section Title --><div class=\"title-area left\" ><h2 class=\"sec-subtitle subtitle-selector\">Contact Us<\/h2><h3 class=\"sec-title title-selector h1\">Have Questions?<\/h3><div class=\"sec-line\"><\/div><\/div><!-- End Section Title -->\t\t\t\t<\/div>\n\t\t\t\t<\/div>\n\t\t\t\t<div class=\"elementor-element elementor-element-1e9eb8b elementor-widget elementor-widget-shortcode\" data-id=\"1e9eb8b\" data-element_type=\"widget\" data-e-type=\"widget\" data-widget_type=\"shortcode.default\">\n\t\t\t\t<div class=\"elementor-widget-container\">\n\t\t\t\t\t\t\t<div class=\"elementor-shortcode\"><p class=\"wpcf7-contact-form-not-found\"><strong>Error:<\/strong> Contact form not found.<\/p><\/div>\n\t\t\t\t\t\t<\/div>\n\t\t\t\t<\/div>\n\t\t\t\t<\/div>\n\t\t\t\t\t<\/div>\n\t\t\t\t<\/div>\n\t\t<div class=\"elementor-element elementor-element-46c0117 e-flex e-con-boxed e-con e-parent\" data-id=\"46c0117\" data-element_type=\"container\" data-e-type=\"container\">\n\t\t\t\t\t<div class=\"e-con-inner\">\n\t\t<div class=\"elementor-element elementor-element-ce1a53d e-con-full e-flex e-con e-child\" data-id=\"ce1a53d\" data-element_type=\"container\" data-e-type=\"container\" data-settings=\"{&quot;background_background&quot;:&quot;classic&quot;}\">\n\t\t<div class=\"elementor-element elementor-element-3836bac e-con-full e-flex e-con e-child\" data-id=\"3836bac\" data-element_type=\"container\" data-e-type=\"container\" data-settings=\"{&quot;background_background&quot;:&quot;classic&quot;}\">\n\t\t\t\t<div class=\"elementor-element elementor-element-6194496 elementor-widget elementor-widget-marinosinglecontactinfo\" data-id=\"6194496\" data-element_type=\"widget\" data-e-type=\"widget\" data-widget_type=\"marinosinglecontactinfo.default\">\n\t\t\t\t<div class=\"elementor-widget-container\">\n\t\t\t\t\t<div class=\"contact-info-box\"><div class=\"vs-media align-items-center\"><div class=\"media-icon\"><i class=\"fas fa-map-marked-alt\"><\/i><\/div><div class=\"media-body\"><h3 class=\"info-box-title\">Departure from Tarifa<\/h3><p class=\"media-info\">Plaza Miramar, 1,<\/p><p class=\"media-info\">11380 Tarifa, C\u00e1diz<\/p><\/div><\/div><\/div>\t\t\t\t<\/div>\n\t\t\t\t<\/div>\n\t\t\t\t<\/div>\n\t\t<div class=\"elementor-element elementor-element-09759cc e-con-full e-flex e-con e-child\" data-id=\"09759cc\" data-element_type=\"container\" data-e-type=\"container\" data-settings=\"{&quot;background_background&quot;:&quot;classic&quot;}\">\n\t\t\t\t<div class=\"elementor-element elementor-element-e280411 elementor-widget elementor-widget-marinosinglecontactinfo\" data-id=\"e280411\" data-element_type=\"widget\" data-e-type=\"widget\" data-widget_type=\"marinosinglecontactinfo.default\">\n\t\t\t\t<div class=\"elementor-widget-container\">\n\t\t\t\t\t<div class=\"contact-info-box\"><div class=\"vs-media align-items-center\"><div class=\"media-icon\"><i class=\"fas fa-map-marked-alt\"><\/i><\/div><div class=\"media-body\"><h3 class=\"info-box-title\">Departure from La L\u00ednea<\/h3><p class=\"media-info\">Paseo Mar\u00edtimo de Poniente s\/n<\/p><p class=\"media-info\">11300 La L\u00ednea\u00a0<\/p><\/div><\/div><\/div>\t\t\t\t<\/div>\n\t\t\t\t<\/div>\n\t\t\t\t<\/div>\n\t\t<div class=\"elementor-element elementor-element-7ccda5c e-con-full e-flex e-con e-child\" data-id=\"7ccda5c\" data-element_type=\"container\" data-e-type=\"container\" data-settings=\"{&quot;background_background&quot;:&quot;classic&quot;}\">\n\t\t\t\t<div class=\"elementor-element elementor-element-41f5b62 elementor-widget elementor-widget-marinosinglecontactinfo\" data-id=\"41f5b62\" data-element_type=\"widget\" data-e-type=\"widget\" data-widget_type=\"marinosinglecontactinfo.default\">\n\t\t\t\t<div class=\"elementor-widget-container\">\n\t\t\t\t\t<div class=\"contact-info-box\"><div class=\"vs-media align-items-center\"><div class=\"media-icon\"><i class=\"fas fa-phone-alt\"><\/i><\/div><div class=\"media-body\"><h3 class=\"info-box-title\">Mobile Phone Numbers<\/h3><p class=\"media-info\">Mobile: <a class=\"text-inherit\" href=\"tel:+34606956805\">(+34) 606 956 805<\/a><\/p><p class=\"media-info\">Mobile 2: <a class=\"text-inherit\" href=\"tel:+34650102616\">(+34) 650 102 616 <\/a><\/p><\/div><\/div><\/div>\t\t\t\t<\/div>\n\t\t\t\t<\/div>\n\t\t\t\t<\/div>\n\t\t\t\t<\/div>\n\t\t\t\t\t<\/div>\n\t\t\t\t<\/div>\n\t\t<div class=\"elementor-element elementor-element-4325a7d e-grid e-con-boxed e-con e-parent\" data-id=\"4325a7d\" data-element_type=\"container\" data-e-type=\"container\">\n\t\t\t\t\t<div class=\"e-con-inner\">\n\t\t\t\t<div class=\"elementor-element elementor-element-0eb8772 elementor-widget elementor-widget-google_maps\" data-id=\"0eb8772\" data-element_type=\"widget\" data-e-type=\"widget\" data-widget_type=\"google_maps.default\">\n\t\t\t\t<div class=\"elementor-widget-container\">\n\t\t\t\t\t\t\t<div class=\"elementor-custom-embed\">\n\t\t\t<iframe loading=\"lazy\"\n\t\t\t\t\tsrc=\"https:\/\/www.google.com\/maps\/embed\/v1\/place?key=AIzaSyCbnCMgsb387ZIbuvIfOPcdDrywKPDVJZ0&#038;q=Puerto%20de%20tarifa&#038;zoom=10\"\n\t\t\t\t\ttitle=\"Puerto de tarifa\"\n\t\t\t\t\taria-label=\"Puerto de tarifa\"\n\t\t\t><\/iframe>\n\t\t<\/div>\n\t\t\t\t\t\t<\/div>\n\t\t\t\t<\/div>\n\t\t\t\t<div class=\"elementor-element elementor-element-93ec04c elementor-widget elementor-widget-google_maps\" data-id=\"93ec04c\" data-element_type=\"widget\" data-e-type=\"widget\" data-widget_type=\"google_maps.default\">\n\t\t\t\t<div class=\"elementor-widget-container\">\n\t\t\t\t\t\t\t<div class=\"elementor-custom-embed\">\n\t\t\t<iframe loading=\"lazy\"\n\t\t\t\t\tsrc=\"https:\/\/www.google.com\/maps\/embed\/v1\/place?key=AIzaSyCbnCMgsb387ZIbuvIfOPcdDrywKPDVJZ0&#038;q=Club%20mar%C3%ADtimo%20linense&#038;zoom=10\"\n\t\t\t\t\ttitle=\"Club mar\u00edtimo linense\"\n\t\t\t\t\taria-label=\"Club mar\u00edtimo linense\"\n\t\t\t><\/iframe>\n\t\t<\/div>\n\t\t\t\t\t\t<\/div>\n\t\t\t\t<\/div>\n\t\t\t\t\t<\/div>\n\t\t\t\t<\/div>\n\t\t\t\t<\/div>\n\t\t","protected":false},"excerpt":{"rendered":"<p>Contact Us Have Questions? Departure from Tarifa Plaza Miramar, 1, 11380 Tarifa, C\u00e1diz Departure from La L\u00ednea Paseo Mar\u00edtimo de Poniente s\/n 11300 La L\u00ednea\u00a0 Mobile Phone Numbers Mobile: (+34) 606 956 805 Mobile 2: (+34) 650 102 616<\/p>\n","protected":false},"author":1,"featured_media":0,"parent":0,"menu_order":0,"comment_status":"closed","ping_status":"closed","template":"template-builder.php","meta":{"footnotes":""},"class_list":["post-4985","page","type-page","status-publish","hentry"],"_links":{"self":[{"href":"https:\/\/estrechofishingcharters.com\/en\/wp-json\/wp\/v2\/pages\/4985","targetHints":{"allow":["GET"]}}],"collection":[{"href":"https:\/\/estrechofishingcharters.com\/en\/wp-json\/wp\/v2\/pages"}],"about":[{"href":"https:\/\/estrechofishingcharters.com\/en\/wp-json\/wp\/v2\/types\/page"}],"author":[{"embeddable":true,"href":"https:\/\/estrechofishingcharters.com\/en\/wp-json\/wp\/v2\/users\/1"}],"replies":[{"embeddable":true,"href":"https:\/\/estrechofishingcharters.com\/en\/wp-json\/wp\/v2\/comments?post=4985"}],"version-history":[{"count":13,"href":"https:\/\/estrechofishingcharters.com\/en\/wp-json\/wp\/v2\/pages\/4985\/revisions"}],"predecessor-version":[{"id":5114,"href":"https:\/\/estrechofishingcharters.com\/en\/wp-json\/wp\/v2\/pages\/4985\/revisions\/5114"}],"wp:attachment":[{"href":"https:\/\/estrechofishingcharters.com\/en\/wp-json\/wp\/v2\/media?parent=4985"}],"curies":[{"name":"wp","href":"https:\/\/api.w.org\/{rel}","templated":true}]}}